{"id":276,"date":"2017-05-08T13:59:55","date_gmt":"2017-05-08T13:59:55","guid":{"rendered":"http:\/\/testweb.zeitauditores.com\/?page_id=276"},"modified":"2019-10-23T15:57:12","modified_gmt":"2019-10-23T15:57:12","slug":"equipo","status":"publish","type":"page","link":"http:\/\/www.zeitauditores.com\/?page_id=276","title":{"rendered":"EQUIPO"},"content":{"rendered":"<p>[et_pb_section fb_built=\u00bb1&#8243; _builder_version=\u00bb3.0.47&#8243;][et_pb_row _builder_version=\u00bb3.0.47&#8243; background_size=\u00bbinitial\u00bb background_position=\u00bbtop_left\u00bb background_repeat=\u00bbrepeat\u00bb][et_pb_column type=\u00bb1_2&#8243; _builder_version=\u00bb3.0.47&#8243; parallax=\u00bboff\u00bb parallax_method=\u00bbon\u00bb][et_pb_team_member name=\u00bbManuel Bol\u00f3n Rodr\u00edguez\u00bb position=\u00bbSocio Director\u00bb _builder_version=\u00bb3.0.106&#8243;]<\/p>\n<p>\u00c1REAS DE PR\u00c1CTICAS<\/p>\n<ul>\n<li>Auditor\u00edas de cuentas<\/li>\n<li>Forensic &#8211; Pericial<\/li>\n<li>Concursal<\/li>\n<li>Consultor\u00eda econ\u00f3mico-financiera y contable<\/li>\n<\/ul>\n<p>FORMACI\u00d3N Y EXPERIENCIA PROFESIONAL<\/p>\n<ul>\n<li>Licenciado en Ciencias Econ\u00f3micas y Empresariales por la Universidad de<br \/> Valladolid. (1996)<\/li>\n<li>M\u00e1ster en Auditor\u00eda y An\u00e1lisis Empresarial por la Universidad Complutense de Madrid. (1997)<\/li>\n<li>M\u00e1ster en Administraci\u00f3n Concursal por la UNED. (2012)<\/li>\n<li>Auditor de Cuentas inscrito como ejerciente en el Registro Oficial de Auditores de Cuentas (2006).<\/li>\n<li>Miembro del ICJCE (Censores Jurados de Cuentas), REA (Economistas Auditores), REFOR (Economistas Forenses), REC (Expertos Contables)<\/li>\n<li>Administrador Concursal.<\/li>\n<li>Desempe\u00f1ando su labor profesional en distintas empresas del \u00e1mbito de la Auditor\u00eda de Cuentas y consultor\u00eda econ\u00f3mico-financiera, adem\u00e1s de puestos de responsabilidad en Departamentos Financieros.<\/li>\n<\/ul>\n<p>ESPECIALIDADES<\/p>\n<p>Auditor\u00eda de Cuentas, Informes Periciales, Reestructuraciones de Empresas<br \/> (Fusiones-Escisiones), Planes de Viabilidad, Valoraciones de Empresas, Concursal.<\/p>\n<p>[\/et_pb_team_member][\/et_pb_column][et_pb_column type=\u00bb1_2&#8243; _builder_version=\u00bb3.0.47&#8243; parallax=\u00bboff\u00bb parallax_method=\u00bbon\u00bb][et_pb_team_member name=\u00bbNuria Mesa \u00c1lvarez\u00bb position=\u00bbSocia\u00bb _builder_version=\u00bb3.0.106&#8243;]<\/p>\n<p>\u00c1REAS DE PR\u00c1CTICA<\/p>\n<ul>\n<li>\u00a0Auditor\u00eda de Cuentas.<\/li>\n<li>Forensic \u2013 Pericial.<\/li>\n<li>Consultor\u00eda Econ\u00f3mico-Financiera y Contable.<\/li>\n<li>Derecho Fiscal<\/li>\n<\/ul>\n<p>FORMACI\u00d3N Y EXPERIENCIA PROFESIONAL<\/p>\n<ul>\n<li>Licenciada en Ciencias Econ\u00f3micas y Empresariales por la Universidad de Huelva (1998)<\/li>\n<li>M\u00e1ster en Asesor\u00eda Fiscal en el Instituto de Estudios Jur\u00eddicos Cajasol (2000)<\/li>\n<li>Miembro de la Asociaci\u00f3n de Expertos Contables y Tributarios de Espa\u00f1a.<\/li>\n<li>Miembro de la ATPTH (T\u00e9cnicos Profesionales Tributarios de Huelva).<\/li>\n<\/ul>\n<p>Inici\u00f3 su actividad profesional como Director Financiero en 1999, posteriormente se incorpor\u00f3 a Despacho de Abogado Alarc\u00f3n (2002) y en 2013 fund\u00f3 su propio Despacho.<\/p>\n<p>EPECIALIDADES<br \/> Auditor\u00eda de Cuentas, Informes Periciales, Reestructuraciones de Empresas<br \/> (Fusiones-Escisiones), Planes de Viabilidad, Valoraciones de Empresas, Concursal. Derecho fiscal, con especializaci\u00f3n en el sector inmobiliario.<br \/> Fiscalidad general e internacional.<\/p>\n<p>[\/et_pb_team_member][\/et_pb_column][\/et_pb_row][\/et_pb_section]<\/p>\n","protected":false},"excerpt":{"rendered":"<p>[et_pb_section fb_built=\u00bb1&#8243; _builder_version=\u00bb3.0.47&#8243;][et_pb_row _builder_version=\u00bb3.0.47&#8243; background_size=\u00bbinitial\u00bb background_position=\u00bbtop_left\u00bb background_repeat=\u00bbrepeat\u00bb][et_pb_column type=\u00bb1_2&#8243; _builder_version=\u00bb3.0.47&#8243; parallax=\u00bboff\u00bb parallax_method=\u00bbon\u00bb][et_pb_team_member name=\u00bbManuel Bol\u00f3n Rodr\u00edguez\u00bb position=\u00bbSocio Director\u00bb _builder_version=\u00bb3.0.106&#8243;] \u00c1REAS DE PR\u00c1CTICAS Auditor\u00edas de cuentas Forensic &#8211; Pericial Concursal Consultor\u00eda econ\u00f3mico-financiera y contable FORMACI\u00d3N Y EXPERIENCIA PROFESIONAL Licenciado en Ciencias Econ\u00f3micas y Empresariales por la Universidad de Valladolid. (1996) M\u00e1ster en Auditor\u00eda y An\u00e1lisis Empresarial por la [&hellip;]<\/p>\n","protected":false},"author":3,"featured_media":0,"parent":0,"menu_order":0,"comment_status":"closed","ping_status":"closed","template":"","meta":[],"_links":{"self":[{"href":"http:\/\/www.zeitauditores.com\/index.php?rest_route=\/wp\/v2\/pages\/276"}],"collection":[{"href":"http:\/\/www.zeitauditores.com\/index.php?rest_route=\/wp\/v2\/pages"}],"about":[{"href":"http:\/\/www.zeitauditores.com\/index.php?rest_route=\/wp\/v2\/types\/page"}],"author":[{"embeddable":true,"href":"http:\/\/www.zeitauditores.com\/index.php?rest_route=\/wp\/v2\/users\/3"}],"replies":[{"embeddable":true,"href":"http:\/\/www.zeitauditores.com\/index.php?rest_route=%2Fwp%2Fv2%2Fcomments&post=276"}],"version-history":[{"count":4,"href":"http:\/\/www.zeitauditores.com\/index.php?rest_route=\/wp\/v2\/pages\/276\/revisions"}],"predecessor-version":[{"id":1390,"href":"http:\/\/www.zeitauditores.com\/index.php?rest_route=\/wp\/v2\/pages\/276\/revisions\/1390"}],"wp:attachment":[{"href":"http:\/\/www.zeitauditores.com\/index.php?rest_route=%2Fwp%2Fv2%2Fmedia&parent=276"}],"curies":[{"name":"wp","href":"https:\/\/api.w.org\/{rel}","templated":true}]}}