{"id":252,"date":"2017-05-08T13:59:01","date_gmt":"2017-05-08T13:59:01","guid":{"rendered":"http:\/\/testweb.zeitauditores.com\/?page_id=252"},"modified":"2019-11-28T14:32:45","modified_gmt":"2019-11-28T14:32:45","slug":"auditoria","status":"publish","type":"page","link":"http:\/\/www.zeitauditores.com\/?page_id=252","title":{"rendered":"AUDITOR\u00cdA"},"content":{"rendered":"<p>[et_pb_section fb_built=\u00bb1&#8243; fullwidth=\u00bbon\u00bb _builder_version=\u00bb3.0.77&#8243; custom_padding=\u00bb||0px|\u00bb][et_pb_fullwidth_slider show_arrows=\u00bboff\u00bb admin_label=\u00bbFullwidth Slider\u00bb _builder_version=\u00bb3.0.106&#8243; header_font_size=\u00bb82&#8243; header_font_size_tablet=\u00bb50&#8243; header_font_size_phone=\u00bb20&#8243; header_font_size_last_edited=\u00bbon|desktop\u00bb header_text_color=\u00bb#ffffff\u00bb custom_padding=\u00bb130px||130px|\u00bb custom_padding_tablet=\u00bb|||\u00bb auto=\u00bbon\u00bb auto_speed=\u00bb3000&#8243;][et_pb_slide heading=\u00bbZEIT AUDITORES\u00bb use_bg_overlay=\u00bboff\u00bb use_text_overlay=\u00bboff\u00bb _builder_version=\u00bb3.0.77&#8243; header_font=\u00bb||||\u00bb header_text_color=\u00bb#ffffff\u00bb header_letter_spacing=\u00bb3px\u00bb header_letter_spacing_tablet=\u00bb3px\u00bb header_letter_spacing_phone=\u00bb3px\u00bb body_font=\u00bb||||\u00bb background_color=\u00bb#f7f7f7&#8243; background_image=\u00bbhttp:\/\/www.zeitauditores.com\/wp-content\/uploads\/2017\/05\/AUDITORIA.jpg\u00bb background_position=\u00bbtop_left\u00bb custom_button=\u00bboff\u00bb button_icon_placement=\u00bbright\u00bb button_on_hover=\u00bbon\u00bb][\/et_pb_slide][et_pb_slide heading=\u00bbAUDITORIA\u00bb use_bg_overlay=\u00bboff\u00bb use_text_overlay=\u00bboff\u00bb _builder_version=\u00bb3.0.77&#8243; header_font=\u00bb||||\u00bb header_text_color=\u00bb#ffffff\u00bb body_font=\u00bb||||\u00bb body_font=\u00bb||||\u00bb custom_button=\u00bboff\u00bb button_icon_placement=\u00bbright\u00bb button_on_hover=\u00bbon\u00bb][\/et_pb_slide][\/et_pb_fullwidth_slider][\/et_pb_section][et_pb_section fb_built=\u00bb1&#8243; _builder_version=\u00bb3.0.106&#8243;][et_pb_row _builder_version=\u00bb3.0.77&#8243;][et_pb_column type=\u00bb4_4&#8243; _builder_version=\u00bb3.0.47&#8243; parallax=\u00bboff\u00bb parallax_method=\u00bbon\u00bb][et_pb_text _builder_version=\u00bb3.0.77&#8243; border_style=\u00bbsolid\u00bb]<\/p>\n<h3 style=\"text-align: center;\">AUDITOR\u00cdAS VOLUNTARIAS<\/h3>\n<p>Aun en el caso de que la auditor\u00eda no sea obligatoria, sin embargo puede ser muy recomendable llevarla a cabo. En ZEIT le ayudamos a:<\/p>\n<ul>\n<li>Cumplir con las expectativas de informaci\u00f3n a los grupos de inter\u00e9s de su entorno.<\/li>\n<li>La toma de decisiones cr\u00edticas en la empresa est\u00e9n basadas en Informaci\u00f3n financiera fiable.<\/li>\n<li>Identificar y abordar las cuestiones financieras, los riegos econ\u00f3mico financieros y facilitar una gesti\u00f3n eficaz sobre los mismos<\/li>\n<\/ul>\n<h3 style=\"text-align: center;\">AUDITOR\u00cdAS OBLIGATORIAS<\/h3>\n<p>En el caso de <strong><u>Auditor\u00edas de cuentas obligatorias<\/u><\/strong>, su objetivo es proporcionar un nivel razonable de seguridad a los usuarios de las cuentas anuales, tanto internos (socios o accionistas, administradores) como externos (entidades financieras, proveedores, clientes, etc.). Nuestros servicios de auditor\u00eda y otros servicios relacionados con la auditor\u00eda le ayudar\u00e1n a cumplir los requisitos normativos, as\u00ed como las necesidades particulares de su organizaci\u00f3n.<\/p>\n<h1 style=\"text-align: center;\">Ejemplos de servicios de Auditor\u00eda y relacionados<\/h1>\n<p style=\"text-align: justify;\"><strong>Auditor\u00eda de cuentas anuales: <\/strong>Para aquellas sociedades que est\u00e1n obligadas en funci\u00f3n de lo determinado en la ley de sociedades de capital, auditores de cuentas anuales obligatorios o nombrados.<\/p>\n<p style=\"text-align: justify;\"><strong>Auditor\u00eda Voluntaria de estados financieros de empresas: <\/strong>Para aquellas sociedades con socios extranjeros que requieren informe de auditor\u00eda para consolidaci\u00f3n, auditoria voluntaria requerida por organismos oficiales que conceden determinada financiaci\u00f3n a la empresa y que necesitan los servicios de un Auditor.<\/p>\n<p style=\"text-align: justify;\"><strong>Auditor\u00edas Voluntarias u Obligatorias de entidades sin \u00e1nimo de lucro: <\/strong>Asociaciones, fundaciones, ONG, etc.). En entidades con estas caracter\u00edsticas resulta muy \u00fatil, tanto si est\u00e1n obligadas por raz\u00f3n de tama\u00f1o como si no lo est\u00e1n, someter sus estados financieros a la supervisi\u00f3n de un auditor, para tranquilidad y confianza tanto del equipo directivo como de los patronos o asociados.<\/p>\n<p style=\"text-align: justify;\"><strong>Auditor\u00eda de balance: <\/strong>Para ampliaci\u00f3n de capital con cargo a reservas o por compensaci\u00f3n de cr\u00e9ditos, o auditoria de balance para reducciones de capital (operaciones acorde\u00f3n) con certificado auditor ROAC.<\/p>\n<p style=\"text-align: justify;\"><strong>Auditor\u00eda de cuentas para IATA: <\/strong>Con la intenci\u00f3n de obtener la licencia correspondiente de IATA, especialmente en agencias de viajes, que requieren un informe de auditor ROAC.<\/p>\n<p style=\"text-align: justify;\"><strong>Due Diligence o Auditor\u00eda de compra de sociedades: <\/strong>Trabajos previos para determinar las posibles contingencias, pasivos y dem\u00e1s incidencias que pueden existir en una compraventa de participaciones, o fusiones de compa\u00f1\u00edas.<\/p>\n<p style=\"text-align: justify;\"><strong>Auditor\u00eda de grupos consolidados: <\/strong>Para aquellos grupos de sociedades que requieren presentar sus cuentas anuales consolidadas ya que superan los l\u00edmites establecidos por la ley de sociedades de capital. Auditores del grupo, auditores de la matriz o auditores de las filiales.<\/p>\n<p style=\"text-align: justify;\"><strong>Auditor\u00eda de revisi\u00f3n de justificaci\u00f3n de subvenciones europeas: <\/strong>B\u00e1sicamente para proyecto FP6 o FP7, Interreg, y dem\u00e1s proyectos de car\u00e1cter europeo en los que se requiere un controlador de primer nivel o auditor.<\/p>\n<p style=\"text-align: justify;\"><strong>Auditor\u00eda de justificaci\u00f3n de cuentas justificativas: <\/strong>Para aquellos organismos oficiales que as\u00ed lo requieren como el CDTI, ECOEMBES, ECOLEC y contratan auditores inscritos en el ROAC.<\/p>\n<p style=\"text-align: justify;\"><strong>Auditor\u00eda de justificaci\u00f3n de gastos para cursos de formaci\u00f3n: <\/strong>Requerido por las comunidades aut\u00f3nomas para justificar los gastos del curso de subvenci\u00f3n y poder recibir la correspondiente ayuda necesitaran auditores de cuentas.<\/p>\n<p style=\"text-align: justify;\"><strong>Auditor\u00eda de justificaci\u00f3n de gastos de largometrajes: <\/strong>Para poder justificar los costes del largometraje o cortometraje es requerido en la actualidad un informe de auditor de revisi\u00f3n de los costes de la pel\u00edcula o documental realizado ante el ICAA o el ICIC, auditores de cine.<\/p>\n<p style=\"text-align: justify;\"><strong>Revisiones limitadas: <\/strong>De determinados ep\u00edgrafes del balance o de la cuenta de resultados, que los accionistas o administradores de una sociedad quieran tener controlados, sin que sus cuentas anuales tengan que someterse a auditor\u00edas obligatorias.<\/p>\n<h1 style=\"text-align: center;\">Cu\u00e1ndo contratar<\/h1>\n<p style=\"text-align: JUSTIFY;\">La legislaci\u00f3n vigente establece la obligaci\u00f3n de auditar sus Cuentas Anuales cuando las sociedades cumplan determinados requisitos, cuando se encuentren en alguna situaci\u00f3n particular o cuando haya sido solicitado por una persona f\u00edsica o jur\u00eddica autorizada para ello.<\/p>\n<p style=\"text-align: JUSTIFY;\">No obstante, en otras ocasiones es recomendable que una compa\u00f1\u00eda decida, voluntariamente, someter sus Cuentas Anuales a la revisi\u00f3n de un auditor externo con el objetivo de asegurar ante terceros su fiabilidad y transparencia, ayudar internamente a la compa\u00f1\u00eda a detectar determinados riesgos o \u00e1reas de mejora en su organizaci\u00f3n, o bien como apoyo externo para poder tomar la decisi\u00f3n \u00f3ptima en determinadas situaciones singulares.<\/p>\n<p style=\"text-align: JUSTIFY;\">M\u00e1s all\u00e1 de los requerimientos legales en ZEIT entendemos la auditor\u00eda como una oportunidad de mejora, por eso nuestra metodolog\u00eda no se limita a la realizaci\u00f3n de procedimientos y emisi\u00f3n de un informe en base a los est\u00e1ndares legalmente establecidos, sino que adem\u00e1s orientamos nuestro trabajo a la detecci\u00f3n de riesgos potenciales y posibles mejoras en la compa\u00f1\u00eda.<\/p>\n<p>[\/et_pb_text][\/et_pb_column][\/et_pb_row][\/et_pb_section]<\/p>\n","protected":false},"excerpt":{"rendered":"<p>[et_pb_section fb_built=\u00bb1&#8243; fullwidth=\u00bbon\u00bb _builder_version=\u00bb3.0.77&#8243; custom_padding=\u00bb||0px|\u00bb][et_pb_fullwidth_slider show_arrows=\u00bboff\u00bb admin_label=\u00bbFullwidth Slider\u00bb _builder_version=\u00bb3.0.106&#8243; header_font_size=\u00bb82&#8243; header_font_size_tablet=\u00bb50&#8243; header_font_size_phone=\u00bb20&#8243; header_font_size_last_edited=\u00bbon|desktop\u00bb header_text_color=\u00bb#ffffff\u00bb custom_padding=\u00bb130px||130px|\u00bb custom_padding_tablet=\u00bb|||\u00bb auto=\u00bbon\u00bb auto_speed=\u00bb3000&#8243;][et_pb_slide heading=\u00bbZEIT AUDITORES\u00bb use_bg_overlay=\u00bboff\u00bb use_text_overlay=\u00bboff\u00bb _builder_version=\u00bb3.0.77&#8243; header_font=\u00bb||||\u00bb header_text_color=\u00bb#ffffff\u00bb header_letter_spacing=\u00bb3px\u00bb header_letter_spacing_tablet=\u00bb3px\u00bb header_letter_spacing_phone=\u00bb3px\u00bb body_font=\u00bb||||\u00bb background_color=\u00bb#f7f7f7&#8243; background_image=\u00bbhttp:\/\/www.zeitauditores.com\/wp-content\/uploads\/2017\/05\/AUDITORIA.jpg\u00bb background_position=\u00bbtop_left\u00bb custom_button=\u00bboff\u00bb button_icon_placement=\u00bbright\u00bb button_on_hover=\u00bbon\u00bb][\/et_pb_slide][et_pb_slide heading=\u00bbAUDITORIA\u00bb use_bg_overlay=\u00bboff\u00bb use_text_overlay=\u00bboff\u00bb _builder_version=\u00bb3.0.77&#8243; header_font=\u00bb||||\u00bb header_text_color=\u00bb#ffffff\u00bb body_font=\u00bb||||\u00bb body_font=\u00bb||||\u00bb custom_button=\u00bboff\u00bb button_icon_placement=\u00bbright\u00bb button_on_hover=\u00bbon\u00bb][\/et_pb_slide][\/et_pb_fullwidth_slider][\/et_pb_section][et_pb_section fb_built=\u00bb1&#8243; _builder_version=\u00bb3.0.106&#8243;][et_pb_row _builder_version=\u00bb3.0.77&#8243;][et_pb_column type=\u00bb4_4&#8243; _builder_version=\u00bb3.0.47&#8243; parallax=\u00bboff\u00bb parallax_method=\u00bbon\u00bb][et_pb_text _builder_version=\u00bb3.0.77&#8243; border_style=\u00bbsolid\u00bb] [&hellip;]<\/p>\n","protected":false},"author":3,"featured_media":0,"parent":0,"menu_order":0,"comment_status":"closed","ping_status":"closed","template":"","meta":[],"_links":{"self":[{"href":"http:\/\/www.zeitauditores.com\/index.php?rest_route=\/wp\/v2\/pages\/252"}],"collection":[{"href":"http:\/\/www.zeitauditores.com\/index.php?rest_route=\/wp\/v2\/pages"}],"about":[{"href":"http:\/\/www.zeitauditores.com\/index.php?rest_route=\/wp\/v2\/types\/page"}],"author":[{"embeddable":true,"href":"http:\/\/www.zeitauditores.com\/index.php?rest_route=\/wp\/v2\/users\/3"}],"replies":[{"embeddable":true,"href":"http:\/\/www.zeitauditores.com\/index.php?rest_route=%2Fwp%2Fv2%2Fcomments&post=252"}],"version-history":[{"count":76,"href":"http:\/\/www.zeitauditores.com\/index.php?rest_route=\/wp\/v2\/pages\/252\/revisions"}],"predecessor-version":[{"id":1558,"href":"http:\/\/www.zeitauditores.com\/index.php?rest_route=\/wp\/v2\/pages\/252\/revisions\/1558"}],"wp:attachment":[{"href":"http:\/\/www.zeitauditores.com\/index.php?rest_route=%2Fwp%2Fv2%2Fmedia&parent=252"}],"curies":[{"name":"wp","href":"https:\/\/api.w.org\/{rel}","templated":true}]}}