{"id":1285,"date":"2019-10-21T10:02:56","date_gmt":"2019-10-21T10:02:56","guid":{"rendered":"http:\/\/testweb.zeitauditores.com\/?page_id=1285"},"modified":"2024-01-02T09:28:54","modified_gmt":"2024-01-02T08:28:54","slug":"politica-de-privacidad-2","status":"publish","type":"page","link":"http:\/\/www.zeitauditores.com\/?page_id=1285","title":{"rendered":"POLITICA DE PRIVACIDAD"},"content":{"rendered":"<p><strong>POL\u00cdTICA DE PRIVACIDAD Y TRATAMIENTO DE DATOS DE CAR\u00c1CTER PERSONAL<\/strong><\/p>\n<p>ZEIT Auditores y Consultores, S.L., con domicilio en Calle Pr\u00edncipe de Vergara, 36 \u2013 3\u00ba Dcha., 28001 Madrid, es el titular de la base de datos.<\/p>\n<p>Todos los datos facilitados a trav\u00e9s de formularios electr\u00f3nicos o mediante correo electr\u00f3nico, ser\u00e1n tratados con estricta confidencialidad de acuerdo con la Ley Org\u00e1nica 15\/1999, de 13 de diciembre, de Protecci\u00f3n de Datos de car\u00e1cter personal, y le informamos que tiene derecho a ejercer su derecho de acceso, rectificaci\u00f3n, cancelaci\u00f3n y oposici\u00f3n, enviando una solicitud a la direcci\u00f3n anteriormente citada.<\/p>\n<p>Los datos solicitados son los estrictamente necesarios para la correcta identificaci\u00f3n del remitente. ZEIT Auditores y Consultores SL, se compromete a un uso responsable y confidencial de los datos, garantizando su uso de acuerdo con la normativa vigente.<\/p>\n<p>Ello, no obstante, ZEIT Auditores y Consultores SL, revelar\u00e1 a las autoridades p\u00fablicas competentes los datos personales y cualquier otra informaci\u00f3n que est\u00e9 en su poder o sea accesible a trav\u00e9s de sus sistemas y sea requerida de conformidad con las disposiciones legales y reglamentarias aplicables al caso. En ning\u00fan momento ZEIT Auditores y Consultores SL, usar\u00e1 estos datos para otros fines ajenos como la venta, reproducci\u00f3n o divulgaci\u00f3n en otros medios sin el consentimiento del usuario.<\/p>\n<p>ZEIT Auditores y Consultores SL, garantiza que ha adoptado las medidas oportunas de seguridad en sus instalaciones, sistemas y ficheros con VOIPING, empresa responsable del hosting de esta p\u00e1gina Web.<\/p>\n<p>En todo caso, el usuario se compromete a proporcionar informaci\u00f3n cierta en relaci\u00f3n con sus datos personales y a mantener los datos facilitados a ZEIT Auditores y Consultores SL, actualizados. El usuario responder\u00e1, en cualquier caso, de la veracidad de los datos facilitados y de mantenerlos actualizados, reserv\u00e1ndose ZEIT Auditores y Consultores SL, el derecho de excluir de los servicios registrados a todo usuario que haya facilitado datos falsos, sin perjuicio de las dem\u00e1s acciones que procedan en Derecho.<\/p>\n<p>EJERCICIO DE LOS DERECHOS EN MATERIA DE PROTECCI\u00d3N DE DATOS<\/p>\n<p>El usuario queda informado sobre la posibilidad de ejercer los derechos de acceso, rectificaci\u00f3n, cancelaci\u00f3n y oposici\u00f3n, en los t\u00e9rminos establecidos en la legislaci\u00f3n vigente, pudiendo:<\/p>\n<p>Enviar un correo electr\u00f3nico a <a href=\"mailto:info@zeitauditores.com\">info@zeitauditores.com<\/a><\/p>\n<p>Enviar un correo certificado a la siguiente direcci\u00f3n: ZEIT Auditores y Consultores SL, Calle Pr\u00edncipe de Vergara, 36 \u2013 3\u00ba Dcha., 28001 Madrid.<\/p>\n<p>La solicitud del usuario debe cumplir el siguiente contenido m\u00ednimo legalmente establecido:<\/p>\n<p>Nombre y apellidos.<\/p>\n<p>Fotocopia del DNI, firma electr\u00f3nica o copia escaneada del DNI.<\/p>\n<p>Petici\u00f3n concreta.<\/p>\n<p>Direcci\u00f3n a efectos de notificaciones.<\/p>\n<p>Fecha y firma del solicitante<\/p>\n<p>CAMPOS DE TEXTO LIBRE<\/p>\n<p>Los campos de texto libre que, a disposici\u00f3n del usuario, puedan aparecer en el Sitio Web, tienen como \u00fanica y exclusiva finalidad el recabar informaci\u00f3n sobre la consulta realizada por el usuario. El usuario no incluir\u00e1, en aquellos espacios que el Sitio Web pueda ofertar como \u201ccampos de texto libre\u201d, ning\u00fan dato de car\u00e1cter personal que pueda ser calificado dentro de aquellos datos para los que se exige un nivel de protecci\u00f3n de tipo medio o alto, sin previo aviso a ZEIT Auditores y &nbsp;Consultores SL, seg\u00fan define la normativa vigente (a t\u00edtulo enunciativo y no limitativo datos relativos a ideolog\u00eda, religi\u00f3n, creencias, afiliaci\u00f3n sindical, salud, origen racial y\/o vida sexual).<\/p>\n<p><strong>GDPR: POL\u00cdTICA DE PRIVACIDAD A PARTIR DEL 25\/05\/2018<\/strong><\/p>\n<p>De conformidad con el REGLAMENTO (UE) 2016\/679, en relaci\u00f3n con el tratamiento de sus datos personales, le informamos lo siguiente:<\/p>\n<p>Responsable del tratamiento:<\/p>\n<p>ZEIT Auditores y Consultores SL, Calle Pr\u00edncipe de Vergara, 36 \u2013 3\u00ba Dcha., 28001 Madrid. Correo electr\u00f3nico: info@zeitauditores.com.<\/p>\n<p>Datos que se almacenan:<\/p>\n<p>Nombre y apellidos<\/p>\n<p>Direcci\u00f3n IP<\/p>\n<p>Email de contacto<\/p>\n<p>Finalidad:<\/p>\n<p>Responder a las peticiones de informaci\u00f3n realizadas a trav\u00e9s de los formularios de contacto.<br \/>\nMantenimiento de cualquier relaci\u00f3n, contractual o extracontractual con el mismo.<\/p>\n<p>Legitimaci\u00f3n:<\/p>\n<p>El cumplimiento de obligaciones legales aplicables en la cesi\u00f3n de datos a organismos o autoridades p\u00fablicas, siempre que sean requeridos de conformidad con las disposiciones legales y reglamentarias.<\/p>\n<p>Duraci\u00f3n:<\/p>\n<p>Los datos ser\u00e1n conservados mientras dure la relaci\u00f3n contractual y comercial con nosotros, as\u00ed como el tiempo necesario para cumplir con las obligaciones legales.<\/p>\n<p>Destinatarios:<\/p>\n<p>Los datos facilitados son utilizados exclusivamente por ZEIT Auditores y Consultores SL, y no se ceder\u00e1 los datos facilitados a terceros.<\/p>\n<p>Derechos:<\/p>\n<p>Puede ejercer los derechos de acceso, rectificaci\u00f3n, supresi\u00f3n y oposici\u00f3n, limitar el tratamiento de sus datos o directamente oponerse al tratamiento, o ejercer el derecho a la portabilidad de estas. Todo ello, por escrito acompa\u00f1ado de copia del documento oficial que lo identifique dirigido al Responsable del tratamiento. En caso de disconformidad con el tratamiento, tambi\u00e9n tiene derecho a presentar una reclamaci\u00f3n ante la Agencia Espa\u00f1ola de Protecci\u00f3n de Datos (AEPD).<\/p>\n","protected":false},"excerpt":{"rendered":"<p>POL\u00cdTICA DE PRIVACIDAD Y TRATAMIENTO DE DATOS DE CAR\u00c1CTER PERSONAL ZEIT Auditores y Consultores, S.L., con domicilio en Calle Pr\u00edncipe de Vergara, 36 \u2013 3\u00ba Dcha., 28001 Madrid, es el titular de la base de datos. Todos los datos facilitados a trav\u00e9s de formularios electr\u00f3nicos o mediante correo electr\u00f3nico, ser\u00e1n tratados con estricta confidencialidad de [&hellip;]<\/p>\n","protected":false},"author":3,"featured_media":0,"parent":0,"menu_order":0,"comment_status":"closed","ping_status":"closed","template":"","meta":[],"_links":{"self":[{"href":"http:\/\/www.zeitauditores.com\/index.php?rest_route=\/wp\/v2\/pages\/1285"}],"collection":[{"href":"http:\/\/www.zeitauditores.com\/index.php?rest_route=\/wp\/v2\/pages"}],"about":[{"href":"http:\/\/www.zeitauditores.com\/index.php?rest_route=\/wp\/v2\/types\/page"}],"author":[{"embeddable":true,"href":"http:\/\/www.zeitauditores.com\/index.php?rest_route=\/wp\/v2\/users\/3"}],"replies":[{"embeddable":true,"href":"http:\/\/www.zeitauditores.com\/index.php?rest_route=%2Fwp%2Fv2%2Fcomments&post=1285"}],"version-history":[{"count":2,"href":"http:\/\/www.zeitauditores.com\/index.php?rest_route=\/wp\/v2\/pages\/1285\/revisions"}],"predecessor-version":[{"id":1572,"href":"http:\/\/www.zeitauditores.com\/index.php?rest_route=\/wp\/v2\/pages\/1285\/revisions\/1572"}],"wp:attachment":[{"href":"http:\/\/www.zeitauditores.com\/index.php?rest_route=%2Fwp%2Fv2%2Fmedia&parent=1285"}],"curies":[{"name":"wp","href":"https:\/\/api.w.org\/{rel}","templated":true}]}}